{"id":3216,"date":"2024-04-05T15:34:58","date_gmt":"2024-04-05T15:34:58","guid":{"rendered":"https:\/\/empiresaddles.com\/datenschutzbestimmungen\/"},"modified":"2024-05-29T13:34:50","modified_gmt":"2024-05-29T13:34:50","slug":"datenschutzbestimmungen","status":"publish","type":"page","link":"https:\/\/empiresaddles.com\/de\/datenschutzbestimmungen\/","title":{"rendered":"Datenschutzbestimmungen"},"content":{"rendered":"\t\t<div data-elementor-type=\"wp-page\" data-elementor-id=\"3216\" class=\"elementor elementor-3216 elementor-3\" data-elementor-post-type=\"page\">\n\t\t\t\t\t\t<section class=\"elementor-section elementor-top-section elementor-element elementor-element-b97089e elementor-section-boxed elementor-section-height-default elementor-section-height-default\" data-id=\"b97089e\" data-element_type=\"section\">\n\t\t\t\t\t\t<div class=\"elementor-container elementor-column-gap-default\">\n\t\t\t\t\t<div class=\"elementor-column elementor-col-100 elementor-top-column elementor-element elementor-element-4dd30bbb\" data-id=\"4dd30bbb\" data-element_type=\"column\">\n\t\t\t<div class=\"elementor-widget-wrap elementor-element-populated\">\n\t\t\t\t\t\t<div class=\"elementor-element elementor-element-660cd48 elementor-widget elementor-widget-heading\" data-id=\"660cd48\" data-element_type=\"widget\" data-widget_type=\"heading.default\">\n\t\t\t\t<div class=\"elementor-widget-container\">\n\t\t\t\t\t<h2 class=\"elementor-heading-title elementor-size-default\">Erkl\u00e4rung zum Datenschutz<\/h2>\t\t\t\t<\/div>\n\t\t\t\t<\/div>\n\t\t\t\t<div class=\"elementor-element elementor-element-169d7aba elementor-widget elementor-widget-text-editor\" data-id=\"169d7aba\" data-element_type=\"widget\" data-widget_type=\"text-editor.default\">\n\t\t\t\t<div class=\"elementor-widget-container\">\n\t\t\t\t\t\t\t\t\t<p><b style=\"color: #c07d41;\">Artikel 1 Verarbeitete personenbezogene Daten<\/b><br \/>Wir k\u00f6nnen personenbezogene Daten \u00fcber Sie verarbeiten, wenn Sie uns beim Ausf\u00fcllen eines Kontaktformulars auf der Website www.empiresaddles.com Informationen zur Verf\u00fcgung gestellt haben. Wir verarbeiten unter anderem: Ihren Vor- und Nachnamen, Ihre E-Mail-Adresse, Ihre IP-Adresse (ob teilweise oder nicht), Ihre E-Mail-Adresse und Ihre Telefonnummer.  <\/p>\n<p><b style=\"color: #c07d41;\">Artikel 2 Warum ben\u00f6tigen wir bestimmte Daten?<\/b><br \/>Wir verarbeiten personenbezogene Daten, um Sie telefonisch zu kontaktieren und\/oder Sie per E-Mail zu kontaktieren, wenn Sie dies w\u00fcnschen. Wir sammeln keine Daten f\u00fcr Marketingzwecke.  <\/p>\n<p><b style=\"color: #c07d41;\">Artikel 3 Wie lange wir Ihre Daten aufbewahren<\/b><br \/>Wir werden Ihre personenbezogenen Daten nicht l\u00e4nger aufbewahren, als es f\u00fcr die Erf\u00fcllung des Zwecks, f\u00fcr den Ihre Daten erhoben wurden, erforderlich ist, h\u00f6chstens jedoch 12 Monate.  <\/p>\n<p><b style=\"color: #c07d41;\">Artikel 4 Nicht mit anderen teilen<\/b><br \/>Wir geben Ihre Daten nicht an Dritte weiter.  <\/p>\n<p><b style=\"color: #c07d41;\">Artikel 5 Zugang, \u00c4nderung oder L\u00f6schung von Daten<\/b><br \/>Sie k\u00f6nnen Ihre pers\u00f6nlichen Daten einsehen, korrigieren oder l\u00f6schen. Sie k\u00f6nnen eine entsprechende Anfrage an <a href=\"mailto:info@empiresaddles.com\">info@empiresaddles.com<\/a> senden <a href=\"mailto:info@empiresaddles.com\">.<\/a> Wir werden Ihnen so schnell wie m\u00f6glich antworten, mindestens jedoch innerhalb von vier Wochen.  <\/p>\n<p><b style=\"color: #c07d41;\">Artikel 6 Schutzma\u00dfnahmen<\/b><br \/>Wir nehmen den Schutz Ihrer Daten ernst und ergreifen geeignete Ma\u00dfnahmen, um Missbrauch, Verlust, unbefugtem Zugriff, unerw\u00fcnschter Offenlegung und unbefugter \u00c4nderung entgegenzuwirken. Alle Personen, die Zugang zu Ihren Daten haben k\u00f6nnten, sind zur Verschwiegenheit verpflichtet. Diese Website verwendet ein zuverl\u00e4ssiges SSL-Zertifikat, um sicherzustellen, dass Ihre pers\u00f6nlichen Daten nicht in die falschen H\u00e4nde geraten. Wenn Sie das Gef\u00fchl haben, dass Ihre Daten nicht ordnungsgem\u00e4\u00df gesichert sind oder es Anzeichen f\u00fcr einen Missbrauch gibt, oder wenn Sie weitere Informationen \u00fcber die Sicherheit der von uns erfassten personenbezogenen Daten w\u00fcnschen, wenden Sie sich bitte an info@empiresaddles.com.  <\/p>\n<p><b style=\"color: #c07d41;\">Artikel 7 Haftungsausschluss<\/b><br \/>Alle geistigen Eigentumsrechte an dieser Website (einschlie\u00dflich aller Texte, Grafiken und Logos) sind Eigentum von Empire Saddles B.V. Es ist nicht gestattet, Informationen ohne vorherige schriftliche Zustimmung von Empire Saddles B.V. zu kopieren, herunterzuladen oder anderweitig zu ver\u00f6ffentlichen, zu verbreiten oder zu vervielf\u00e4ltigen. Sie k\u00f6nnen jedoch Informationen von dieser Website f\u00fcr Ihren eigenen pers\u00f6nlichen Gebrauch herunterladen. Empire Saddles B.V. beh\u00e4lt sich daher das Recht vor, den Inhalt jederzeit zu \u00e4ndern oder Abschnitte zu entfernen, ohne Sie davon in Kenntnis setzen zu m\u00fcssen.  <\/p>\n<p><b style=\"color: #c07d41;\">Artikel 8 Urheberrechte<\/b><br \/>Alle Rechte am geistigen Eigentum dieser Materialien liegen bei Empire Saddles B.V. Die Vervielf\u00e4ltigung, Verbreitung und sonstige Nutzung dieser Materialien ist ohne schriftliche Genehmigung von Empire Saddles B.V. nicht gestattet, es sei denn, dies ist in zwingenden gesetzlichen Bestimmungen (z.B. Zitatrecht) anders geregelt oder bei bestimmten Materialien anders angegeben.  <\/p>\n<p><b style=\"color: #c07d41;\">Artikel 9 Sonstiges<\/b><br \/>Dieser Haftungsausschluss kann sich von Zeit zu Zeit \u00e4ndern.  <\/p>\n<p><b style=\"color: #c07d41;\">Angaben zum Unternehmen:<\/b><br \/>Name des Unternehmens: Empire Saddles B.V.<br \/>Adresse: Onderweg 11, 4247 EJ Kedichem<br \/>\u00d6ffnungszeiten: Nach Vereinbarung<br \/>E-Mail Adresse: <a href=\"mailto:info@empiresaddles.com\">info@empiresaddles.com<\/a><br \/>Nummer der Handelskammer: 84501804<br \/>Umsatzsteuer-Identifikationsnummer: NL861514257B01<\/p>\n\t\t\t\t\t\t\t\t<\/div>\n\t\t\t\t<\/div>\n\t\t\t\t\t<\/div>\n\t\t<\/div>\n\t\t\t\t\t<\/div>\n\t\t<\/section>\n\t\t\t\t<\/div>\n\t\t","protected":false},"excerpt":{"rendered":"<p>Erkl\u00e4rung zum Datenschutz Artikel 1 Verarbeitete personenbezogene DatenWir k\u00f6nnen personenbezogene Daten \u00fcber Sie verarbeiten, wenn Sie uns beim Ausf\u00fcllen eines Kontaktformulars auf der Website www.empiresaddles.com Informationen zur Verf\u00fcgung gestellt haben. Wir verarbeiten unter anderem: Ihren Vor- und Nachnamen, Ihre E-Mail-Adresse, Ihre IP-Adresse (ob teilweise oder nicht), Ihre E-Mail-Adresse und Ihre Telefonnummer. Artikel 2 Warum ben\u00f6tigen [&hellip;]<\/p>\n","protected":false},"author":1,"featured_media":0,"parent":0,"menu_order":0,"comment_status":"closed","ping_status":"closed","template":"","meta":{"_jf_save_progress":"","footnotes":""},"class_list":["post-3216","page","type-page","status-publish","hentry"],"_links":{"self":[{"href":"https:\/\/empiresaddles.com\/de\/wp-json\/wp\/v2\/pages\/3216","targetHints":{"allow":["GET"]}}],"collection":[{"href":"https:\/\/empiresaddles.com\/de\/wp-json\/wp\/v2\/pages"}],"about":[{"href":"https:\/\/empiresaddles.com\/de\/wp-json\/wp\/v2\/types\/page"}],"author":[{"embeddable":true,"href":"https:\/\/empiresaddles.com\/de\/wp-json\/wp\/v2\/users\/1"}],"replies":[{"embeddable":true,"href":"https:\/\/empiresaddles.com\/de\/wp-json\/wp\/v2\/comments?post=3216"}],"version-history":[{"count":0,"href":"https:\/\/empiresaddles.com\/de\/wp-json\/wp\/v2\/pages\/3216\/revisions"}],"wp:attachment":[{"href":"https:\/\/empiresaddles.com\/de\/wp-json\/wp\/v2\/media?parent=3216"}],"curies":[{"name":"wp","href":"https:\/\/api.w.org\/{rel}","templated":true}]}}